{"id":167,"date":"2025-09-15T17:05:36","date_gmt":"2025-09-15T17:05:36","guid":{"rendered":"https:\/\/3damedida.com\/?post_type=product&#038;p=167"},"modified":"2025-09-15T17:05:55","modified_gmt":"2025-09-15T17:05:55","slug":"lampara-de-escritorio","status":"publish","type":"product","link":"https:\/\/3damedida.com\/?product=lampara-de-escritorio","title":{"rendered":"L\u00e1mpara de escritorio"},"content":{"rendered":"","protected":false},"excerpt":{"rendered":"<p>L\u00e1mpara de escritorio con motivos navide\u00f1os para decorar tu casa en navidades.<\/p>\n","protected":false},"featured_media":240,"comment_status":"open","ping_status":"closed","template":"","meta":[],"product_brand":[],"product_cat":[17],"product_tag":[],"class_list":{"0":"post-167","1":"product","2":"type-product","3":"status-publish","4":"has-post-thumbnail","6":"product_cat-decoracion","8":"first","9":"instock","10":"taxable","11":"shipping-taxable","12":"product-type-simple"},"_links":{"self":[{"href":"https:\/\/3damedida.com\/index.php?rest_route=\/wp\/v2\/product\/167","targetHints":{"allow":["GET"]}}],"collection":[{"href":"https:\/\/3damedida.com\/index.php?rest_route=\/wp\/v2\/product"}],"about":[{"href":"https:\/\/3damedida.com\/index.php?rest_route=\/wp\/v2\/types\/product"}],"replies":[{"embeddable":true,"href":"https:\/\/3damedida.com\/index.php?rest_route=%2Fwp%2Fv2%2Fcomments&post=167"}],"wp:featuredmedia":[{"embeddable":true,"href":"https:\/\/3damedida.com\/index.php?rest_route=\/wp\/v2\/media\/240"}],"wp:attachment":[{"href":"https:\/\/3damedida.com\/index.php?rest_route=%2Fwp%2Fv2%2Fmedia&parent=167"}],"wp:term":[{"taxonomy":"product_brand","embeddable":true,"href":"https:\/\/3damedida.com\/index.php?rest_route=%2Fwp%2Fv2%2Fproduct_brand&post=167"},{"taxonomy":"product_cat","embeddable":true,"href":"https:\/\/3damedida.com\/index.php?rest_route=%2Fwp%2Fv2%2Fproduct_cat&post=167"},{"taxonomy":"product_tag","embeddable":true,"href":"https:\/\/3damedida.com\/index.php?rest_route=%2Fwp%2Fv2%2Fproduct_tag&post=167"}],"curies":[{"name":"wp","href":"https:\/\/api.w.org\/{rel}","templated":true}]}}