{"id":72,"date":"2025-09-15T17:05:13","date_gmt":"2025-09-15T17:05:13","guid":{"rendered":"https:\/\/3damedida.com\/?post_type=product&#038;p=72"},"modified":"2025-09-15T17:05:18","modified_gmt":"2025-09-15T17:05:18","slug":"senalizacion-banos","status":"publish","type":"product","link":"https:\/\/3damedida.com\/?product=senalizacion-banos","title":{"rendered":"Se\u00f1alizaci\u00f3n ba\u00f1os"},"content":{"rendered":"","protected":false},"excerpt":{"rendered":"<p>Se\u00f1alizaci\u00f3n de los ba\u00f1os de un bar indicando hombres con el tornillo y tuerca con las mujeres. Realizado a 2 colores y 2 piezas cada s\u00edmbolo.<\/p>\n","protected":false},"featured_media":114,"comment_status":"closed","ping_status":"closed","template":"","meta":[],"product_brand":[],"product_cat":[19],"product_tag":[],"class_list":{"0":"post-72","1":"product","2":"type-product","3":"status-publish","4":"has-post-thumbnail","6":"product_cat-carteleria","8":"first","9":"instock","10":"taxable","11":"shipping-taxable","12":"product-type-simple"},"_links":{"self":[{"href":"https:\/\/3damedida.com\/index.php?rest_route=\/wp\/v2\/product\/72","targetHints":{"allow":["GET"]}}],"collection":[{"href":"https:\/\/3damedida.com\/index.php?rest_route=\/wp\/v2\/product"}],"about":[{"href":"https:\/\/3damedida.com\/index.php?rest_route=\/wp\/v2\/types\/product"}],"replies":[{"embeddable":true,"href":"https:\/\/3damedida.com\/index.php?rest_route=%2Fwp%2Fv2%2Fcomments&post=72"}],"wp:featuredmedia":[{"embeddable":true,"href":"https:\/\/3damedida.com\/index.php?rest_route=\/wp\/v2\/media\/114"}],"wp:attachment":[{"href":"https:\/\/3damedida.com\/index.php?rest_route=%2Fwp%2Fv2%2Fmedia&parent=72"}],"wp:term":[{"taxonomy":"product_brand","embeddable":true,"href":"https:\/\/3damedida.com\/index.php?rest_route=%2Fwp%2Fv2%2Fproduct_brand&post=72"},{"taxonomy":"product_cat","embeddable":true,"href":"https:\/\/3damedida.com\/index.php?rest_route=%2Fwp%2Fv2%2Fproduct_cat&post=72"},{"taxonomy":"product_tag","embeddable":true,"href":"https:\/\/3damedida.com\/index.php?rest_route=%2Fwp%2Fv2%2Fproduct_tag&post=72"}],"curies":[{"name":"wp","href":"https:\/\/api.w.org\/{rel}","templated":true}]}}