{"id":84,"date":"2025-09-15T17:05:14","date_gmt":"2025-09-15T17:05:14","guid":{"rendered":"https:\/\/3damedida.com\/?post_type=product&#038;p=84"},"modified":"2025-09-15T17:05:37","modified_gmt":"2025-09-15T17:05:37","slug":"llaveros","status":"publish","type":"product","link":"https:\/\/3damedida.com\/?product=llaveros","title":{"rendered":"Llaveros"},"content":{"rendered":"","protected":false},"excerpt":{"rendered":"<p>Imprimimos tus llaveros con tu logo o el dise\u00f1o que te guste y en diferentes materiales, tanto filamentos pl\u00e1sticos r\u00edgidos (PLA, ABS, PETG, ASA) como en Filamentos el\u00e1sticos (TPU).<\/p>\n","protected":false},"featured_media":168,"comment_status":"closed","ping_status":"closed","template":"","meta":[],"product_brand":[],"product_cat":[25],"product_tag":[],"class_list":{"0":"post-84","1":"product","2":"type-product","3":"status-publish","4":"has-post-thumbnail","6":"product_cat-llaveros","8":"first","9":"instock","10":"taxable","11":"shipping-taxable","12":"product-type-simple"},"_links":{"self":[{"href":"https:\/\/3damedida.com\/index.php?rest_route=\/wp\/v2\/product\/84","targetHints":{"allow":["GET"]}}],"collection":[{"href":"https:\/\/3damedida.com\/index.php?rest_route=\/wp\/v2\/product"}],"about":[{"href":"https:\/\/3damedida.com\/index.php?rest_route=\/wp\/v2\/types\/product"}],"replies":[{"embeddable":true,"href":"https:\/\/3damedida.com\/index.php?rest_route=%2Fwp%2Fv2%2Fcomments&post=84"}],"wp:featuredmedia":[{"embeddable":true,"href":"https:\/\/3damedida.com\/index.php?rest_route=\/wp\/v2\/media\/168"}],"wp:attachment":[{"href":"https:\/\/3damedida.com\/index.php?rest_route=%2Fwp%2Fv2%2Fmedia&parent=84"}],"wp:term":[{"taxonomy":"product_brand","embeddable":true,"href":"https:\/\/3damedida.com\/index.php?rest_route=%2Fwp%2Fv2%2Fproduct_brand&post=84"},{"taxonomy":"product_cat","embeddable":true,"href":"https:\/\/3damedida.com\/index.php?rest_route=%2Fwp%2Fv2%2Fproduct_cat&post=84"},{"taxonomy":"product_tag","embeddable":true,"href":"https:\/\/3damedida.com\/index.php?rest_route=%2Fwp%2Fv2%2Fproduct_tag&post=84"}],"curies":[{"name":"wp","href":"https:\/\/api.w.org\/{rel}","templated":true}]}}