{"id":88,"date":"2025-09-15T17:05:14","date_gmt":"2025-09-15T17:05:14","guid":{"rendered":"https:\/\/3damedida.com\/?post_type=product&#038;p=88"},"modified":"2025-09-15T17:05:44","modified_gmt":"2025-09-15T17:05:44","slug":"servicio-de-impresion-3d","status":"publish","type":"product","link":"https:\/\/3damedida.com\/?product=servicio-de-impresion-3d","title":{"rendered":"Servicio de Impresi\u00f3n 3D"},"content":{"rendered":"","protected":false},"excerpt":{"rendered":"<p>Servicio de impresi\u00f3n 3D bajo presupuesto, habla con nosotros\u00a0 3damedida@gmail.com y dinos lo que quieres imprimir, nosotros nos encargamos de todo, tanto si tienes tu propio dise\u00f1o como si quieres dise\u00f1emos tu idea. Usaremos impresoras con tecnolog\u00eda puntera que dejar\u00e1n un acabado excelente.<\/p>\n","protected":false},"featured_media":182,"comment_status":"closed","ping_status":"closed","template":"","meta":[],"product_brand":[],"product_cat":[28],"product_tag":[],"class_list":{"0":"post-88","1":"product","2":"type-product","3":"status-publish","4":"has-post-thumbnail","6":"product_cat-impresoras-3d","8":"first","9":"instock","10":"taxable","11":"shipping-taxable","12":"product-type-simple"},"_links":{"self":[{"href":"https:\/\/3damedida.com\/index.php?rest_route=\/wp\/v2\/product\/88","targetHints":{"allow":["GET"]}}],"collection":[{"href":"https:\/\/3damedida.com\/index.php?rest_route=\/wp\/v2\/product"}],"about":[{"href":"https:\/\/3damedida.com\/index.php?rest_route=\/wp\/v2\/types\/product"}],"replies":[{"embeddable":true,"href":"https:\/\/3damedida.com\/index.php?rest_route=%2Fwp%2Fv2%2Fcomments&post=88"}],"wp:featuredmedia":[{"embeddable":true,"href":"https:\/\/3damedida.com\/index.php?rest_route=\/wp\/v2\/media\/182"}],"wp:attachment":[{"href":"https:\/\/3damedida.com\/index.php?rest_route=%2Fwp%2Fv2%2Fmedia&parent=88"}],"wp:term":[{"taxonomy":"product_brand","embeddable":true,"href":"https:\/\/3damedida.com\/index.php?rest_route=%2Fwp%2Fv2%2Fproduct_brand&post=88"},{"taxonomy":"product_cat","embeddable":true,"href":"https:\/\/3damedida.com\/index.php?rest_route=%2Fwp%2Fv2%2Fproduct_cat&post=88"},{"taxonomy":"product_tag","embeddable":true,"href":"https:\/\/3damedida.com\/index.php?rest_route=%2Fwp%2Fv2%2Fproduct_tag&post=88"}],"curies":[{"name":"wp","href":"https:\/\/api.w.org\/{rel}","templated":true}]}}